{"id":158,"date":"2023-03-17T21:57:20","date_gmt":"2023-03-17T20:57:20","guid":{"rendered":"http:\/\/clementetlucye.fr\/?page_id=158"},"modified":"2023-03-18T23:22:13","modified_gmt":"2023-03-18T22:22:13","slug":"appartement-clement-et-lucye-1b","status":"publish","type":"page","link":"https:\/\/clementetlucye.fr\/index.php\/appartement-clement-et-lucye-1b\/","title":{"rendered":"Appartement Cl\u00e9ment et Lucye 1"},"content":{"rendered":"\t\t<div data-elementor-type=\"wp-page\" data-elementor-id=\"158\" class=\"elementor elementor-158\">\n\t\t\t\t\t\t\t<div class=\"elementor-element elementor-element-16b8bfe e-con-boxed e-con\" data-id=\"16b8bfe\" data-element_type=\"container\" data-settings=\"{&quot;content_width&quot;:&quot;boxed&quot;}\">\n\t\t\t\t\t<div class=\"e-con-inner\">\n\t\t\t\t<div class=\"elementor-element elementor-element-373b814 elementor-arrows-position-inside elementor-pagination-position-outside elementor-widget elementor-widget-image-carousel\" data-id=\"373b814\" data-element_type=\"widget\" data-settings=\"{&quot;slides_to_show&quot;:&quot;2&quot;,&quot;navigation&quot;:&quot;both&quot;,&quot;autoplay&quot;:&quot;yes&quot;,&quot;pause_on_hover&quot;:&quot;yes&quot;,&quot;pause_on_interaction&quot;:&quot;yes&quot;,&quot;autoplay_speed&quot;:5000,&quot;infinite&quot;:&quot;yes&quot;,&quot;speed&quot;:500}\" data-widget_type=\"image-carousel.default\">\n\t\t\t\t<div class=\"elementor-widget-container\">\n\t\t\t<style>\/*! elementor - v3.11.5 - 14-03-2023 *\/\n.elementor-widget-image-carousel .swiper,.elementor-widget-image-carousel .swiper-container{position:static}.elementor-widget-image-carousel .swiper-container .swiper-slide figure,.elementor-widget-image-carousel .swiper .swiper-slide figure{line-height:inherit}.elementor-widget-image-carousel .swiper-slide{text-align:center}.elementor-image-carousel-wrapper:not(.swiper-container-initialized) .swiper-slide,.elementor-image-carousel-wrapper:not(.swiper-initialized) .swiper-slide{max-width:calc(100% \/ var(--e-image-carousel-slides-to-show, 3))}<\/style>\t\t<div class=\"elementor-image-carousel-wrapper swiper\" dir=\"ltr\">\n\t\t\t<div class=\"elementor-image-carousel swiper-wrapper\">\n\t\t\t\t\t\t\t\t<div class=\"swiper-slide\"><figure class=\"swiper-slide-inner\"><img decoding=\"async\" class=\"swiper-slide-image\" src=\"https:\/\/clementetlucye.fr\/wp-content\/uploads\/2023\/03\/IMG_0042-300x165.jpg\" alt=\"Chambre vue 3\" \/><\/figure><\/div><div class=\"swiper-slide\"><figure class=\"swiper-slide-inner\"><img decoding=\"async\" class=\"swiper-slide-image\" src=\"https:\/\/clementetlucye.fr\/wp-content\/uploads\/2023\/03\/Chambre-3-300x153.jpg\" alt=\"Chambre vue 1\" \/><\/figure><\/div><div class=\"swiper-slide\"><figure class=\"swiper-slide-inner\"><img decoding=\"async\" class=\"swiper-slide-image\" src=\"https:\/\/clementetlucye.fr\/wp-content\/uploads\/2023\/03\/Chambre-2-300x154.jpg\" alt=\"Chambre vue 1\" \/><\/figure><\/div><div class=\"swiper-slide\"><figure class=\"swiper-slide-inner\"><img decoding=\"async\" class=\"swiper-slide-image\" src=\"https:\/\/clementetlucye.fr\/wp-content\/uploads\/2023\/03\/Cuisine-300x191.jpg\" alt=\"Cuisine\" \/><\/figure><\/div><div class=\"swiper-slide\"><figure class=\"swiper-slide-inner\"><img decoding=\"async\" class=\"swiper-slide-image\" src=\"https:\/\/clementetlucye.fr\/wp-content\/uploads\/2023\/03\/IMG_0226_1-LR-200x300.jpg\" alt=\"IMG_0226_1 LR\" \/><\/figure><\/div>\t\t\t<\/div>\n\t\t\t\t\t\t\t\t\t\t\t\t<div class=\"swiper-pagination\"><\/div>\n\t\t\t\t\t\t\t\t\t\t\t\t\t<div class=\"elementor-swiper-button elementor-swiper-button-prev\">\n\t\t\t\t\t\t<svg aria-hidden=\"true\" class=\"e-font-icon-svg e-eicon-chevron-left\" viewBox=\"0 0 1000 1000\" xmlns=\"http:\/\/www.w3.org\/2000\/svg\"><path d=\"M646 125C629 125 613 133 604 142L308 442C296 454 292 471 292 487 292 504 296 521 308 533L604 854C617 867 629 875 646 875 663 875 679 871 692 858 704 846 713 829 713 812 713 796 708 779 692 767L438 487 692 225C700 217 708 204 708 187 708 171 704 154 692 142 675 129 663 125 646 125Z\"><\/path><\/svg>\t\t\t\t\t\t<span class=\"elementor-screen-only\">Previous<\/span>\n\t\t\t\t\t<\/div>\n\t\t\t\t\t<div class=\"elementor-swiper-button elementor-swiper-button-next\">\n\t\t\t\t\t\t<svg aria-hidden=\"true\" class=\"e-font-icon-svg e-eicon-chevron-right\" viewBox=\"0 0 1000 1000\" xmlns=\"http:\/\/www.w3.org\/2000\/svg\"><path d=\"M696 533C708 521 713 504 713 487 713 471 708 454 696 446L400 146C388 133 375 125 354 125 338 125 325 129 313 142 300 154 292 171 292 187 292 204 296 221 308 233L563 492 304 771C292 783 288 800 288 817 288 833 296 850 308 863 321 871 338 875 354 875 371 875 388 867 400 854L696 533Z\"><\/path><\/svg>\t\t\t\t\t\t<span class=\"elementor-screen-only\">Next<\/span>\n\t\t\t\t\t<\/div>\n\t\t\t\t\t\t\t\t\t<\/div>\n\t\t\t\t<\/div>\n\t\t\t\t<\/div>\n\t\t\t\t\t<\/div>\n\t\t\t\t<\/div>\n\t\t<div class=\"elementor-element elementor-element-ac4b0a2 e-con-boxed e-con\" data-id=\"ac4b0a2\" data-element_type=\"container\" data-settings=\"{&quot;content_width&quot;:&quot;boxed&quot;}\">\n\t\t\t\t\t<div class=\"e-con-inner\">\n\t\t\t\t<div class=\"elementor-element elementor-element-077d3ff elementor-widget elementor-widget-text-editor\" data-id=\"077d3ff\" data-element_type=\"widget\" data-widget_type=\"text-editor.default\">\n\t\t\t\t<div class=\"elementor-widget-container\">\n\t\t\t<style>\/*! elementor - v3.11.5 - 14-03-2023 *\/\n.elementor-widget-text-editor.elementor-drop-cap-view-stacked .elementor-drop-cap{background-color:#818a91;color:#fff}.elementor-widget-text-editor.elementor-drop-cap-view-framed .elementor-drop-cap{color:#818a91;border:3px solid;background-color:transparent}.elementor-widget-text-editor:not(.elementor-drop-cap-view-default) .elementor-drop-cap{margin-top:8px}.elementor-widget-text-editor:not(.elementor-drop-cap-view-default) .elementor-drop-cap-letter{width:1em;height:1em}.elementor-widget-text-editor .elementor-drop-cap{float:left;text-align:center;line-height:1;font-size:50px}.elementor-widget-text-editor .elementor-drop-cap-letter{display:inline-block}<\/style>\t\t\t\t<ul><li style=\"text-align: left;\">Appartement (26 m2) pour 4 personnes.<\/li><li style=\"text-align: left;\">Classement : 2 \u00e9toiles.<\/li><li style=\"text-align: left;\">2 pi\u00e8ces :<br \/>1 cuisine \u2013 Salle \u00e0 manger.<br \/>1 chambre.<br \/>1 Salle d\u2019eau avec wc.<\/li><li>La cuisine comprend :<br \/>Un r\u00e9frig\u00e9rateur-cong\u00e9lateur.<br \/>Cuisini\u00e8re au gaz avec four &#8211; Hotte aspirante.<br \/>Meubles de rangements.<br \/>Batterie de cuisine.<br \/>Four micro-onde.<br \/>Cafeti\u00e8re \u00e9lectrique, grille pains, bouilloire \u00e9lectrique.<\/li><li>Une chambre avec vue sur le jardin<br \/>avec<br \/>1 grand placard avec portes coulissantes.<br \/>1 placard sous escalier avec porte battante.<br \/>1 grand lit (190 X 140).<br \/>1 lit type BZ (200 X 140).<br \/>Et un lit de en mezzanine (190&#215;90).<\/li><li style=\"text-align: left;\">Autres :<br \/>T\u00e9l\u00e9vision couleur, table et fer \u00e0 repasser, aspirateur.<br \/>Point lavage.<br \/>Local pour v\u00e9los.<\/li><\/ul>\t\t\t\t\t\t<\/div>\n\t\t\t\t<\/div>\n\t\t\t\t\t<\/div>\n\t\t\t\t<\/div>\n\t\t\t\t\t\t\t<\/div>\n\t\t","protected":false},"excerpt":{"rendered":"<p>Pr\u00e9c\u00e9dent Suivant Appartement (26 m2) pour 4 personnes. Classement : 2 \u00e9toiles. 2 pi\u00e8ces :1 cuisine \u2013 Salle \u00e0 manger.1 chambre.1 Salle d\u2019eau avec wc. La cuisine comprend :Un r\u00e9frig\u00e9rateur-cong\u00e9lateur.Cuisini\u00e8re au gaz avec four &#8211; Hotte aspirante.Meubles de rangements.Batterie de cuisine.Four micro-onde.Cafeti\u00e8re \u00e9lectrique, grille pains, bouilloire \u00e9lectrique. Une chambre avec vue sur le jardinavec1 grand placard avec portes coulissantes.1 placard sous escalier avec porte battante.1 grand lit (190 X 140).1 lit type BZ (200 X &hellip; <\/p>\n","protected":false},"author":1,"featured_media":0,"parent":0,"menu_order":1,"comment_status":"closed","ping_status":"closed","template":"","meta":{"_seopress_robots_primary_cat":"","_crdt_document":"","_mi_skip_tracking":false,"_price":"","_stock":"","_tribe_ticket_header":"","_tribe_default_ticket_provider":"","_tribe_ticket_capacity":"0","_ticket_start_date":"","_ticket_end_date":"","_tribe_ticket_show_description":"","_tribe_ticket_show_not_going":false,"_tribe_ticket_use_global_stock":"","_tribe_ticket_global_stock_level":"","_global_stock_mode":"","_global_stock_cap":"","_tribe_rsvp_for_event":"","_tribe_ticket_going_count":"","_tribe_ticket_not_going_count":"","_tribe_tickets_list":[],"_tribe_ticket_has_attendee_info_fields":false,"_mc_calendar":[],"footnotes":""},"class_list":["post-158","page","type-page","status-publish","hentry"],"ticketed":false,"_links":{"self":[{"href":"https:\/\/clementetlucye.fr\/index.php\/wp-json\/wp\/v2\/pages\/158","targetHints":{"allow":["GET"]}}],"collection":[{"href":"https:\/\/clementetlucye.fr\/index.php\/wp-json\/wp\/v2\/pages"}],"about":[{"href":"https:\/\/clementetlucye.fr\/index.php\/wp-json\/wp\/v2\/types\/page"}],"author":[{"embeddable":true,"href":"https:\/\/clementetlucye.fr\/index.php\/wp-json\/wp\/v2\/users\/1"}],"replies":[{"embeddable":true,"href":"https:\/\/clementetlucye.fr\/index.php\/wp-json\/wp\/v2\/comments?post=158"}],"version-history":[{"count":98,"href":"https:\/\/clementetlucye.fr\/index.php\/wp-json\/wp\/v2\/pages\/158\/revisions"}],"predecessor-version":[{"id":366,"href":"https:\/\/clementetlucye.fr\/index.php\/wp-json\/wp\/v2\/pages\/158\/revisions\/366"}],"wp:attachment":[{"href":"https:\/\/clementetlucye.fr\/index.php\/wp-json\/wp\/v2\/media?parent=158"}],"curies":[{"name":"wp","href":"https:\/\/api.w.org\/{rel}","templated":true}]}}